{"id":6195,"date":"2017-03-12T15:05:03","date_gmt":"2017-03-12T14:05:03","guid":{"rendered":"https:\/\/tribusurbaines.com\/presse\/"},"modified":"2023-05-12T14:18:11","modified_gmt":"2023-05-12T12:18:11","slug":"press","status":"publish","type":"page","link":"https:\/\/tribusurbaines.com\/en\/press\/","title":{"rendered":"Press"},"content":{"rendered":"<section class=\"wpb-content-wrapper\"><p>[vc_row][vc_column][vc_column_text]<\/p>\n<h2>Press release<\/h2>\n<p>[\/vc_column_text][vc_empty_space][\/vc_column][\/vc_row][vc_row][vc_column]<div class=\"fd-cta \"><div class=\"container fd-cta-container\"><div class=\"fd-cta-contents\"><div class=\"cta-content\"><p>24 heures, 2 mai 2023 : Militante jusqu\u2019au bout des cheveux<\/p>\n<\/div><a class=\"link\" href=\"https:\/\/tribusurbaines.com\/wp-content\/uploads\/2023\/05\/p024-Portrait-de-Der-LS-7.pdf\" target=\"_blank\">View the article<\/a><\/div><\/div><\/div><div class=\"fd-cta \"><div class=\"container fd-cta-container\"><div class=\"fd-cta-contents\"><div class=\"cta-content\"><p>RTS (radio), 8 f\u00e9vrier 2023, \u00e9mission &#8220;On en parle&#8221;: Dossier sp\u00e9cial peaux noires et m\u00e9tisses et cheveux textur\u00e9s.<\/p>\n<\/div><a class=\"link\" href=\"\" target=\"_blank\">Listen podcast<\/a><\/div><\/div><\/div><div class=\"fd-cta \"><div class=\"container fd-cta-container\"><div class=\"fd-cta-contents\"><div class=\"cta-content\"><p>Cash ma Queen \u2013 \u00abJe veux \u00eatre la femme la plus riche de Suisse\u00bb<\/p>\n<\/div><a class=\"link\" href=\"https:\/\/illustre.podigee.io\/6-neue-episode\" target=\"_blank\">Listen podcast<\/a><\/div><\/div><\/div><div class=\"fd-cta \"><div class=\"container fd-cta-container\"><div class=\"fd-cta-contents\"><div class=\"cta-content\"><p>RTS, 16 novembre &#8211; Crise sanitaire : La salon de coiffure de Gen\u00e8ve \u00ab Tribus Urbaines \u00bb a du fermer ses portes 20 jours apr\u00e8s son ouverture !<\/p>\n<\/div><a class=\"link\" href=\"https:\/\/www.radiolac.ch\/videos\/la-salon-de-coiffure-tribus-urbaines-a-du-fermer-ses-portes-20-jours-apres-son-ouverture\/\" target=\"_blank\">Listen interview<\/a><\/div><\/div><\/div><div class=\"fd-cta \"><div class=\"container fd-cta-container\"><div class=\"fd-cta-contents\"><div class=\"cta-content\"><p>Lausanne Guide &#8211; Sylvie Makela. Stories of local business owners who are bringing something new and innovative to Lausanne<\/p>\n<\/div><a class=\"link\" href=\"https:\/\/thelausanneguide.com\/sylvie-makela-is-on-a-mission\/\" target=\"_blank\">View the article<\/a><\/div><\/div><\/div><div class=\"fd-cta \"><div class=\"container fd-cta-container\"><div class=\"fd-cta-contents\"><div class=\"cta-content\"><p>La Chouquette : chez Tribus Urbaines, la boucle est divinement boucl\u00e9e<\/p>\n<\/div><a class=\"link\" href=\"https:\/\/lachouquette.ch\/chez-tribus-urbaines-la-boucle-est-divinement-bouclee\" target=\"_blank\">View the article<\/a><\/div><\/div><\/div><div class=\"fd-cta \"><div class=\"container fd-cta-container\"><div class=\"fd-cta-contents\"><div class=\"cta-content\"><p>24 Heures &#8211; Magnifier ses boucles, un geste esth\u00e9tique et militant. Avec Tribus Urbaines.<\/p>\n<\/div><a class=\"link\" href=\"https:\/\/tribusurbaines.com\/wp-content\/uploads\/2019\/11\/article-24h-coiffure-boucles-magnifier.pdf\" target=\"_blank\">View the article<\/a><\/div><\/div><\/div><div class=\"fd-cta \"><div class=\"container fd-cta-container\"><div class=\"fd-cta-contents\"><div class=\"cta-content\"><p>RTS &#8211; Octobre 2019 &#8211; Epiderme &#8211; La peau conqu\u00e9rante &#8211; Episode 4 &#8211; Avec Sylvie, co-fondatrice de Tribus Urbaines.<\/p>\n<\/div><a class=\"link\" href=\"https:\/\/www.rts.ch\/play\/radio\/redirect\/detail\/10820501\" target=\"_blank\">Listen podcast<\/a><\/div><\/div><\/div><div class=\"fd-cta \"><div class=\"container fd-cta-container\"><div class=\"fd-cta-contents\"><div class=\"cta-content\"><p>Interview de Carine, co-fondatrice de Tribus Urbaines, Octobre 2019<\/p>\n<\/div><a class=\"link\" href=\"https:\/\/tribusurbaines.com\/wp-content\/uploads\/2019\/11\/EP6-Queen-Elevate-.mp3\" target=\"_blank\">Listen podcast<\/a><\/div><\/div><\/div><div class=\"fd-cta \"><div class=\"container fd-cta-container\"><div class=\"fd-cta-contents\"><div class=\"cta-content\"><p>PME Magazine &#8211; D\u00e9cembre 2018, &#8220;Notre salon est n\u00e9 d&#8217;un r\u00eave et d&#8217;un coup de gueule&#8221; <\/p>\n<\/div><a class=\"link\" href=\"http:\/\/tribusurbaines.com\/wp-content\/uploads\/2018\/11\/PMHP2018_12_0024_0027_COIFFEURS.pdf\" target=\"_blank\">View the article<\/a><\/div><\/div><\/div><div class=\"fd-cta \"><div class=\"container fd-cta-container\"><div class=\"fd-cta-contents\"><div class=\"cta-content\"><p>FEMINA &#8211; Novembre 2018, Des boucles parfaites en 6 \u00e9tapes <\/p>\n<\/div><a class=\"link\" href=\"http:\/\/tribusurbaines.com\/wp-content\/uploads\/2018\/11\/20181125-FEM-FEM-022.pdf\" target=\"_blank\">View the article<\/a><\/div><\/div><\/div><div class=\"fd-cta \"><div class=\"container fd-cta-container\"><div class=\"fd-cta-contents\"><div class=\"cta-content\"><p>FEMINA, 22.07.2018, Raconte-nous tes boucles.<\/p>\n<\/div><a class=\"link\" href=\"http:\/\/tribusurbaines.com\/wp-content\/uploads\/2018\/07\/IMG_2765.jpg\" target=\"_blank\">View the article<\/a><\/div><\/div><\/div><div class=\"fd-cta \"><div class=\"container fd-cta-container\"><div class=\"fd-cta-contents\"><div class=\"cta-content\"><p>RTS, la premi\u00e8re, 19.03.2018 &#8211; Humans of Suisse romande, Sylvie 39 ans.<\/p>\n<\/div><a class=\"link\" href=\"https:\/\/www.rts.ch\/play\/radio\/a-labordage\/audio\/humans-of-suisse-romande-sylvie-39-ans-lausanne-12?id=9383733&#038;station=a9e7621504c6959e35c3ecbe7f6bed0446cdf8da\" target=\"_blank\">View the article<\/a><\/div><\/div><\/div><div class=\"fd-cta \"><div class=\"container fd-cta-container\"><div class=\"fd-cta-contents\"><div class=\"cta-content\"><p>Le Temps, \u00e9dition en ligne, 16.01.2017 &#8211; Avec Tribus Urbaines, la boucle de cheveux se lib\u00e8re \u00e0 Lausanne<\/p>\n<\/div><a class=\"link\" href=\"https:\/\/www.letemps.ch\/lifestyle\/2017\/01\/16\/tribus-urbaines-boucle-cheveux-se-libere-lausanne\" target=\"_blank\">View the article<\/a><\/div><\/div><\/div><div class=\"fd-cta \"><div class=\"container fd-cta-container\"><div class=\"fd-cta-contents\"><div class=\"cta-content\"><p>Le Temps, \u00e9dition papier, 17.01.2017 &#8211; Avec Tribus Urbaines, la boucle de cheveux se lib\u00e8re \u00e0 Lausanne<\/p>\n<\/div><a class=\"link\" href=\"http:\/\/tribusurbaines.com\/wp-content\/uploads\/2017\/03\/Avec-Tribus-Urbaines-la-boucle-de-cheveux-se-lib\u00e8re-\u00e0-Lausanne-Le-Temps.pdf\" target=\"_blank\">View the article<\/a><\/div><\/div><\/div><div class=\"fd-cta \"><div class=\"container fd-cta-container\"><div class=\"fd-cta-contents\"><div class=\"cta-content\"><p>24Heures, \u00e9dition papier, 15.01.2017, Les tignasses boucl\u00e9es, fris\u00e9es et cr\u00e9pues ont d\u00e9sormais leur salon de coiffure.<\/p>\n<\/div><a class=\"link\" href=\"http:\/\/tribusurbaines.com\/wp-content\/uploads\/2017\/03\/page_18_24heures_LAUSANNE_2017-02-15.pdf\" target=\"_blank\">View the article<\/a><\/div><\/div><\/div><div class=\"fd-cta \"><div class=\"container fd-cta-container\"><div class=\"fd-cta-contents\"><div class=\"cta-content\"><p>24heures, \u00e9dition en ligne 15.02.2017 &#8211; Les tignasses boucl\u00e9es, fris\u00e9es et cr\u00e9pues ont d\u00e9sormais leur salon de coiffure<\/p>\n<\/div><a class=\"link\" href=\"http:\/\/www.24heures.ch\/vaud-regions\/signe_Lausanne\/Les-tignasses-bouclees-frisees-et-crepues-ont-desormais-leur-salon-de-coiffure\/story\/23420600\" target=\"_blank\">View the article<\/a><\/div><\/div><\/div><div class=\"fd-cta \"><div class=\"container fd-cta-container\"><div class=\"fd-cta-contents\"><div class=\"cta-content\"><p>Les Toiles, f\u00e9vrier 2017 &#8211; New curly hair exprt<\/p>\n<\/div><a class=\"link\" href=\"https:\/\/www.les-toiles.co\/tribus-urainbes-new-curly-hair-experts\/\" target=\"_blank\">View the article<\/a><\/div><\/div><\/div>[\/vc_column][vc_column][\/vc_column][\/vc_row]<\/p>\n<\/section>","protected":false},"excerpt":{"rendered":"<p>[vc_row][vc_column][vc_column_text] Press release [\/vc_column_text][vc_empty_space][\/vc_column][\/vc_row][vc_row][vc_column][\/vc_column][vc_column][\/vc_column][\/vc_row]<\/p>\n","protected":false},"author":5,"featured_media":0,"parent":0,"menu_order":0,"comment_status":"closed","ping_status":"closed","template":"","meta":{"footnotes":""},"aioseo_notices":[],"_links":{"self":[{"href":"https:\/\/tribusurbaines.com\/en\/wp-json\/wp\/v2\/pages\/6195"}],"collection":[{"href":"https:\/\/tribusurbaines.com\/en\/wp-json\/wp\/v2\/pages"}],"about":[{"href":"https:\/\/tribusurbaines.com\/en\/wp-json\/wp\/v2\/types\/page"}],"author":[{"embeddable":true,"href":"https:\/\/tribusurbaines.com\/en\/wp-json\/wp\/v2\/users\/5"}],"replies":[{"embeddable":true,"href":"https:\/\/tribusurbaines.com\/en\/wp-json\/wp\/v2\/comments?post=6195"}],"version-history":[{"count":13,"href":"https:\/\/tribusurbaines.com\/en\/wp-json\/wp\/v2\/pages\/6195\/revisions"}],"predecessor-version":[{"id":14622,"href":"https:\/\/tribusurbaines.com\/en\/wp-json\/wp\/v2\/pages\/6195\/revisions\/14622"}],"wp:attachment":[{"href":"https:\/\/tribusurbaines.com\/en\/wp-json\/wp\/v2\/media?parent=6195"}],"curies":[{"name":"wp","href":"https:\/\/api.w.org\/{rel}","templated":true}]}}